{"id":362,"date":"2023-05-16T21:55:15","date_gmt":"2023-05-16T21:55:15","guid":{"rendered":"https:\/\/sandomierka.pl\/?page_id=362"},"modified":"2023-05-16T22:53:08","modified_gmt":"2023-05-16T22:53:08","slug":"newsletter","status":"publish","type":"page","link":"https:\/\/sandomierka.pl\/?page_id=362","title":{"rendered":"Biuletyn &#8222;Sandomierki&#8221;"},"content":{"rendered":"<ul>\n<li>B\u0105d\u017a na bie\u017c\u0105co z atrakcjami, jakie oferuje Sandomierz i okolice.<\/li>\n<li>Zyskaj dost\u0119p do \u0142atwych w u\u017cyciu materia\u0142\u00f3w informacyjnych kt\u00f3re u\u0142atwi\u0105 ich publikacje na w\u0142asny u\u017cytek.<\/li>\n<li>Podziel si\u0119 dobr\u0105 wiadomo\u015bci\u0105 z najbli\u017cszymi, swoimi go\u015b\u0107mi czy przyjaci\u00f3\u0142mi.<\/li>\n<li>Zapisz si\u0119 &#8211; do\u0142\u0105cz do <strong>Biuletynu Sandomierki!<\/strong>\u00a0<p><div class=\"tnp tnp-subscription \">\n<form method=\"post\" action=\"https:\/\/sandomierka.pl\/wp-admin\/admin-ajax.php?action=tnp&amp;na=s\">\n<input type=\"hidden\" name=\"nlang\" value=\"pl\">\n<div class=\"tnp-field tnp-field-firstname\"><label for=\"tnp-1\">Imi\u0119, Nazwisko \/ nazwa instytucji<\/label>\n<input class=\"tnp-name\" type=\"text\" name=\"nn\" id=\"tnp-1\" value=\"\" placeholder=\"\"><\/div>\n<div class=\"tnp-field tnp-field-email\"><label for=\"tnp-2\">Email<\/label>\n<input class=\"tnp-email\" type=\"email\" name=\"ne\" id=\"tnp-2\" value=\"\" placeholder=\"\" required><\/div>\n<div class=\"tnp-field tnp-privacy-field\"><label><input type=\"checkbox\" name=\"ny\" required class=\"tnp-privacy\"> <a target=\"_blank\" href=\"https:\/\/sandomierka.pl\/?page_id=371\">Przechodz\u0105c dalej, akceptujesz polityk\u0119 prywatno\u015bci<\/a><\/label><\/div><div class=\"tnp-field tnp-field-button\" style=\"text-align: left\"><input class=\"tnp-submit\" type=\"submit\" value=\"Subskrybuj\" style=\"\">\n<\/div>\n<\/form>\n<\/div>\n<\/p><\/li>\n<\/ul>\n","protected":false},"excerpt":{"rendered":"<p>B\u0105d\u017a na bie\u017c\u0105co z atrakcjami, jakie oferuje Sandomierz i okolice. Zyskaj dost\u0119p do \u0142atwych w u\u017cyciu materia\u0142\u00f3w informacyjnych kt\u00f3re u\u0142atwi\u0105 ich publikacje na w\u0142asny u\u017cytek. Podziel si\u0119 dobr\u0105 wiadomo\u015bci\u0105 z najbli\u017cszymi, swoimi go\u015b\u0107mi czy przyjaci\u00f3\u0142mi. Zapisz si\u0119 &#8211; do\u0142\u0105cz do Biuletynu Sandomierki!\u00a0<\/p>\n","protected":false},"author":1,"featured_media":0,"parent":0,"menu_order":0,"comment_status":"closed","ping_status":"closed","template":"","meta":{"_themeisle_gutenberg_block_has_review":false,"footnotes":""},"class_list":["post-362","page","type-page","status-publish","hentry"],"_links":{"self":[{"href":"https:\/\/sandomierka.pl\/index.php?rest_route=\/wp\/v2\/pages\/362","targetHints":{"allow":["GET"]}}],"collection":[{"href":"https:\/\/sandomierka.pl\/index.php?rest_route=\/wp\/v2\/pages"}],"about":[{"href":"https:\/\/sandomierka.pl\/index.php?rest_route=\/wp\/v2\/types\/page"}],"author":[{"embeddable":true,"href":"https:\/\/sandomierka.pl\/index.php?rest_route=\/wp\/v2\/users\/1"}],"replies":[{"embeddable":true,"href":"https:\/\/sandomierka.pl\/index.php?rest_route=%2Fwp%2Fv2%2Fcomments&post=362"}],"version-history":[{"count":4,"href":"https:\/\/sandomierka.pl\/index.php?rest_route=\/wp\/v2\/pages\/362\/revisions"}],"predecessor-version":[{"id":370,"href":"https:\/\/sandomierka.pl\/index.php?rest_route=\/wp\/v2\/pages\/362\/revisions\/370"}],"wp:attachment":[{"href":"https:\/\/sandomierka.pl\/index.php?rest_route=%2Fwp%2Fv2%2Fmedia&parent=362"}],"curies":[{"name":"wp","href":"https:\/\/api.w.org\/{rel}","templated":true}]}}