{"id":34,"date":"2018-01-20T20:41:58","date_gmt":"2018-01-20T20:41:58","guid":{"rendered":"http:\/\/sandomierka.pl\/?page_id=34"},"modified":"2023-04-02T21:54:09","modified_gmt":"2023-04-02T21:54:09","slug":"kontakt","status":"publish","type":"page","link":"https:\/\/sandomierka.pl\/?page_id=34","title":{"rendered":"Kontakt"},"content":{"rendered":"<p><a href=\"https:\/\/www.google.pl\/maps\/place\/Stary+Port+-+przysta%C5%84+w+Sandomierzu\/@50.6762426,21.7443998,16z\/data=!4m5!3m4!1s0x4722b513a55d6669:0x67241707e5cddf5c!8m2!3d50.6744783!4d21.7473395\" target=\"_blank\" rel=\"noopener\"><img loading=\"lazy\" decoding=\"async\" class=\"alignleft wp-image-83 size-medium\" src=\"https:\/\/sandomierka.pl\/wp-content\/uploads\/2018\/01\/mapka-227x300.gif\" alt=\"Zobacz port na google maps\" width=\"227\" height=\"300\" \/><\/a>W sprawie rejs\u00f3w dubasem &#8222;Sandomierk\u0105&#8221; oraz spraw zwi\u0105zanych z dzia\u0142alno\u015bci\u0105 fundacji &#8222;Sandomierka&#8221; proponujemy kontakt telefoniczny pod numerem +48 601 616 446.<br \/>\ne-mail: <a href=\"mailto:dubas@sandomierka.pl\">dubas@sandomierka.pl<\/a><br \/>\ne-mail fundacyjny: fundacja@sandomierka.pl<\/p>\n<p><strong>Facebook:<\/strong><br \/>\n<a href=\"http:\/\/www.facebook.com\/sandowisla\">www.facebook.com\/sandowisla<br \/>\n<\/a><a href=\"https:\/\/www.facebook.com\/staryport\">www.facebook.com\/staryport<\/a><\/p>\n<p><strong>Dubas &#8222;Sandomierka&#8221;<\/strong> od wiosny do zimy cumuje w Starym Porcie, miejscu, gdzie przez setki lat stacjonowa\u0142y podobne jednostki.<\/p>\n<p>Stary Port w Sandomierzu jest oddalony ok 10 minut spacerem od ratusza (ok 900m).<\/p>\n<p><strong>Google map:<\/strong><br \/>\n<iframe loading=\"lazy\" style=\"border: 0;\" src=\"https:\/\/www.google.com\/maps\/embed?pb=!1m18!1m12!1m3!1d2528.449457392273!2d21.745150815227543!3d50.67448167907864!2m3!1f0!2f0!3f0!3m2!1i1024!2i768!4f13.1!3m3!1m2!1s0x4722b513a55d6669%3A0x67241707e5cddf5c!2sStary+Port+-+przysta%C5%84+w+Sandomierzu!5e0!3m2!1spl!2spl!4v1516546243598\" width=\"600\" height=\"450\" frameborder=\"0\" allowfullscreen=\"allowfullscreen\"><\/iframe><\/p>\n","protected":false},"excerpt":{"rendered":"<p>W sprawie rejs\u00f3w dubasem &#8222;Sandomierk\u0105&#8221; oraz spraw zwi\u0105zanych z dzia\u0142alno\u015bci\u0105 fundacji &#8222;Sandomierka&#8221; proponujemy kontakt telefoniczny pod numerem +48 601 616 446. e-mail: dubas@sandomierka.pl e-mail fundacyjny: fundacja@sandomierka.pl Facebook: www.facebook.com\/sandowisla www.facebook.com\/staryport Dubas &#8222;Sandomierka&#8221; od wiosny do zimy cumuje w Starym Porcie, miejscu, gdzie przez setki lat stacjonowa\u0142y podobne jednostki. Stary Port w Sandomierzu jest oddalony ok 10 <a href=\"https:\/\/sandomierka.pl\/?page_id=34\" rel=\"nofollow\"><span class=\"sr-only\">Read more about Kontakt<\/span>[&hellip;]<\/a><\/p>\n","protected":false},"author":1,"featured_media":0,"parent":0,"menu_order":0,"comment_status":"closed","ping_status":"closed","template":"","meta":{"_themeisle_gutenberg_block_has_review":false,"footnotes":""},"class_list":["post-34","page","type-page","status-publish","hentry"],"_links":{"self":[{"href":"https:\/\/sandomierka.pl\/index.php?rest_route=\/wp\/v2\/pages\/34","targetHints":{"allow":["GET"]}}],"collection":[{"href":"https:\/\/sandomierka.pl\/index.php?rest_route=\/wp\/v2\/pages"}],"about":[{"href":"https:\/\/sandomierka.pl\/index.php?rest_route=\/wp\/v2\/types\/page"}],"author":[{"embeddable":true,"href":"https:\/\/sandomierka.pl\/index.php?rest_route=\/wp\/v2\/users\/1"}],"replies":[{"embeddable":true,"href":"https:\/\/sandomierka.pl\/index.php?rest_route=%2Fwp%2Fv2%2Fcomments&post=34"}],"version-history":[{"count":11,"href":"https:\/\/sandomierka.pl\/index.php?rest_route=\/wp\/v2\/pages\/34\/revisions"}],"predecessor-version":[{"id":349,"href":"https:\/\/sandomierka.pl\/index.php?rest_route=\/wp\/v2\/pages\/34\/revisions\/349"}],"wp:attachment":[{"href":"https:\/\/sandomierka.pl\/index.php?rest_route=%2Fwp%2Fv2%2Fmedia&parent=34"}],"curies":[{"name":"wp","href":"https:\/\/api.w.org\/{rel}","templated":true}]}}